{"id":5464,"date":"2022-10-19T21:17:28","date_gmt":"2022-10-19T19:17:28","guid":{"rendered":"https:\/\/sp1niepolomice.pl\/?page_id=5464"},"modified":"2022-11-28T16:43:02","modified_gmt":"2022-11-28T15:43:02","slug":"regulaminy-konkursow","status":"publish","type":"page","link":"https:\/\/sp1niepolomice.pl\/?page_id=5464","title":{"rendered":"REGULAMINY KONKURS\u00d3W"},"content":{"rendered":"\n<img decoding=\"async\" src=\"https:\/\/sp1niepolomice.pl\/wp-content\/uploads\/2022\/10\/Beach-e1666204708579.png\" alt=\"regulaminy konkurs\u00f3w\">\n\n\n\n\t\t\t<div class=\"display-post-types\">\n\n\t\t\t\t\t\t\t<style type=\"text\/css\">\n\t\t\t#dpt-wrapper-568 { --dpt-text-align: left;--dpt-image-crop: center;--dpt-border-radius: 5px;--dpt-small-grid-column: 33.33%;--dpt-large-grid-column: 33.333333333333%;--dpt-h-gutter: 10px;--dpt-v-gutter: 10px; }\t\t\t<\/style>\n\t\t\t<style type=\"text\/css\">#dpt-wrapper-568 { --dpt-title-font-style:normal;--dpt-title-font-weight:600;--dpt-title-line-height:1.5;--dpt-title-text-decoration:none;--dpt-title-text-transform:none;--dpt-excerpt-font-style:normal;--dpt-excerpt-font-weight:400;--dpt-excerpt-line-height:1.5;--dpt-excerpt-text-decoration:none;--dpt-excerpt-text-transform:none;--dpt-meta1-font-style:normal;--dpt-meta1-font-weight:400;--dpt-meta1-line-height:1.9;--dpt-meta1-text-decoration:none;--dpt-meta1-text-transform:none;--dpt-meta2-font-style:normal;--dpt-meta2-font-weight:400;--dpt-meta2-line-height:1.9;--dpt-meta2-text-decoration:none;--dpt-meta2-text-transform:none; }<\/style>\t\t\t\n\t\t\t\t<div id=\"dpt-wrapper-568\" class=\"dpt-wrapper dpt-grid1 multi-col dpt-mason-wrap\" >\n\n\t\t\t\t\t\t\t\t\t\t\t<div class=\"dpt-entry has-thumbnail\" data-title=\"konkurs &#8222;eko gra planszowa&#8221;\" data-id=\"13332\"  data-category=\"aktualno\u015bci regulaminy konkurs\u00f3w\">\n\t\t\t\t\t\t\t<div class=\"dpt-entry-wrapper\"><div class=\" dpt-featured-content\"><div class=\" dpt-permalink\"><a href=\"https:\/\/sp1niepolomice.pl\/?p=13332\" class=\"dpt-permalink\"><span class=\"screen-reader-text\">Konkurs &#8222;EKO GRA PLANSZOWA&#8221;<\/span><\/a><\/div><div class=\" dpt-thumbnail\"><div class=\"dpt-thumbnail-inner\"><img fetchpriority=\"high\" width=\"720\" height=\"1018\" class=\"attachment-full size-full\" alt=\"\" context=\"dpt\" data-dpt-src=\"https:\/\/sp1niepolomice.pl\/wp-content\/uploads\/2026\/04\/image-1928916734396500.jpg\" data-dpt-sizes=\"(max-width: 720px) 100vw, 720px\" data-dpt-srcset=\"https:\/\/sp1niepolomice.pl\/wp-content\/uploads\/2026\/04\/image-1928916734396500.jpg 720w, https:\/\/sp1niepolomice.pl\/wp-content\/uploads\/2026\/04\/image-1928916734396500-212x300.jpg 212w\" \/><\/div><span class=\"dpt-thumbnail-aspect-ratio\" style=\"padding-top: 141%\"><\/span><\/div><\/div><div class=\" sub-entry\"><h3 class=\" dpt-title\"><a class=\"dpt-title-link\" href=\"https:\/\/sp1niepolomice.pl\/?p=13332\" rel=\"bookmark\">Konkurs &#8222;EKO GRA PLANSZOWA&#8221;<\/a><\/h3><\/div><\/div>\n\t\t\t\t\t\t<\/div><!-- .dpt-entry -->\n\t\t\t\t\t\t\t\t\t\t\t\t<div class=\"dpt-entry has-thumbnail\" data-title=\"konkursu na \u201enajciekawszy str\u00f3j eco\u201d\" data-id=\"13303\"  data-category=\"aktualno\u015bci regulaminy konkurs\u00f3w\">\n\t\t\t\t\t\t\t<div class=\"dpt-entry-wrapper\"><div class=\" dpt-featured-content\"><div class=\" dpt-permalink\"><a href=\"https:\/\/sp1niepolomice.pl\/?p=13303\" class=\"dpt-permalink\"><span class=\"screen-reader-text\">Konkursu na \u201eNajciekawszy str\u00f3j eco\u201d<\/span><\/a><\/div><div class=\" dpt-thumbnail\"><div class=\"dpt-thumbnail-inner\"><img width=\"1587\" height=\"2245\" class=\"attachment-full size-full\" alt=\"\" context=\"dpt\" data-dpt-src=\"https:\/\/sp1niepolomice.pl\/wp-content\/uploads\/2026\/04\/1.png\" data-dpt-sizes=\"(max-width: 1587px) 100vw, 1587px\" data-dpt-srcset=\"https:\/\/sp1niepolomice.pl\/wp-content\/uploads\/2026\/04\/1.png 1587w, https:\/\/sp1niepolomice.pl\/wp-content\/uploads\/2026\/04\/1-212x300.png 212w, https:\/\/sp1niepolomice.pl\/wp-content\/uploads\/2026\/04\/1-724x1024.png 724w, https:\/\/sp1niepolomice.pl\/wp-content\/uploads\/2026\/04\/1-768x1086.png 768w, https:\/\/sp1niepolomice.pl\/wp-content\/uploads\/2026\/04\/1-1086x1536.png 1086w, https:\/\/sp1niepolomice.pl\/wp-content\/uploads\/2026\/04\/1-1448x2048.png 1448w\" \/><\/div><span class=\"dpt-thumbnail-aspect-ratio\" style=\"padding-top: 141%\"><\/span><\/div><\/div><div class=\" sub-entry\"><h3 class=\" dpt-title\"><a class=\"dpt-title-link\" href=\"https:\/\/sp1niepolomice.pl\/?p=13303\" rel=\"bookmark\">Konkursu na \u201eNajciekawszy str\u00f3j eco\u201d<\/a><\/h3><\/div><\/div>\n\t\t\t\t\t\t<\/div><!-- .dpt-entry -->\n\t\t\t\t\t\t\t\t\t\t\t\t<div class=\"dpt-entry has-thumbnail\" data-title=\"konkurs literacki &#8222;dzie\u0144, w kt\u00f3rym uratowa\u0142em\/am ziemi\u0119&#8221;\" data-id=\"13294\"  data-category=\"aktualno\u015bci regulaminy konkurs\u00f3w\">\n\t\t\t\t\t\t\t<div class=\"dpt-entry-wrapper\"><div class=\" dpt-featured-content\"><div class=\" dpt-permalink\"><a href=\"https:\/\/sp1niepolomice.pl\/?p=13294\" class=\"dpt-permalink\"><span class=\"screen-reader-text\">Konkurs literacki &#8222;Dzie\u0144, w kt\u00f3rym uratowa\u0142em\/am Ziemi\u0119&#8221;<\/span><\/a><\/div><div class=\" dpt-thumbnail\"><div class=\"dpt-thumbnail-inner\"><img width=\"1414\" height=\"2000\" class=\"attachment-full size-full\" alt=\"\" context=\"dpt\" data-dpt-src=\"https:\/\/sp1niepolomice.pl\/wp-content\/uploads\/2026\/04\/2f733d38-a7c5-464c-b204-1419ac8f4bbb.jpg\" data-dpt-sizes=\"(max-width: 1414px) 100vw, 1414px\" data-dpt-srcset=\"https:\/\/sp1niepolomice.pl\/wp-content\/uploads\/2026\/04\/2f733d38-a7c5-464c-b204-1419ac8f4bbb.jpg 1414w, https:\/\/sp1niepolomice.pl\/wp-content\/uploads\/2026\/04\/2f733d38-a7c5-464c-b204-1419ac8f4bbb-212x300.jpg 212w, https:\/\/sp1niepolomice.pl\/wp-content\/uploads\/2026\/04\/2f733d38-a7c5-464c-b204-1419ac8f4bbb-724x1024.jpg 724w, https:\/\/sp1niepolomice.pl\/wp-content\/uploads\/2026\/04\/2f733d38-a7c5-464c-b204-1419ac8f4bbb-768x1086.jpg 768w, https:\/\/sp1niepolomice.pl\/wp-content\/uploads\/2026\/04\/2f733d38-a7c5-464c-b204-1419ac8f4bbb-1086x1536.jpg 1086w\" \/><\/div><span class=\"dpt-thumbnail-aspect-ratio\" style=\"padding-top: 141%\"><\/span><\/div><\/div><div class=\" sub-entry\"><h3 class=\" dpt-title\"><a class=\"dpt-title-link\" href=\"https:\/\/sp1niepolomice.pl\/?p=13294\" rel=\"bookmark\">Konkurs literacki &#8222;Dzie\u0144, w kt\u00f3rym uratowa\u0142em\/am Ziemi\u0119&#8221;<\/a><\/h3><\/div><\/div>\n\t\t\t\t\t\t<\/div><!-- .dpt-entry -->\n\t\t\t\t\t\t\t\t\t\t\t\t<div class=\"dpt-entry has-thumbnail\" data-title=\"konkurs &#8222;tadeusz ko\u015bciuszko- bohater narodowy&#8221;\" data-id=\"13231\"  data-category=\"regulaminy konkurs\u00f3w\">\n\t\t\t\t\t\t\t<div class=\"dpt-entry-wrapper\"><div class=\" dpt-featured-content\"><div class=\" dpt-permalink\"><a href=\"https:\/\/sp1niepolomice.pl\/?p=13231\" class=\"dpt-permalink\"><span class=\"screen-reader-text\">Konkurs &#8222;Tadeusz Ko\u015bciuszko- bohater narodowy&#8221;<\/span><\/a><\/div><div class=\" dpt-thumbnail\"><div class=\"dpt-thumbnail-inner\"><img loading=\"lazy\" width=\"286\" height=\"512\" class=\"attachment-full size-full\" alt=\"\" context=\"dpt\" data-dpt-src=\"https:\/\/sp1niepolomice.pl\/wp-content\/uploads\/2026\/03\/645367623_1716749922827705_3022611136397247143_n.jpg\" data-dpt-sizes=\"(max-width: 286px) 100vw, 286px\" data-dpt-srcset=\"https:\/\/sp1niepolomice.pl\/wp-content\/uploads\/2026\/03\/645367623_1716749922827705_3022611136397247143_n.jpg 286w, https:\/\/sp1niepolomice.pl\/wp-content\/uploads\/2026\/03\/645367623_1716749922827705_3022611136397247143_n-168x300.jpg 168w\" \/><\/div><span class=\"dpt-thumbnail-aspect-ratio\" style=\"padding-top: 179%\"><\/span><\/div><\/div><div class=\" sub-entry\"><h3 class=\" dpt-title\"><a class=\"dpt-title-link\" href=\"https:\/\/sp1niepolomice.pl\/?p=13231\" rel=\"bookmark\">Konkurs &#8222;Tadeusz Ko\u015bciuszko- bohater narodowy&#8221;<\/a><\/h3><\/div><\/div>\n\t\t\t\t\t\t<\/div><!-- .dpt-entry -->\n\t\t\t\t\t\t\t\t\t\t\t\t<div class=\"dpt-entry has-thumbnail\" data-title=\"konkurs &#8222;tadeusz ko\u015bciuszko -in\u017cynier i \u017co\u0142nierz&#8221;\" data-id=\"13226\"  data-category=\"regulaminy konkurs\u00f3w\">\n\t\t\t\t\t\t\t<div class=\"dpt-entry-wrapper\"><div class=\" dpt-featured-content\"><div class=\" dpt-permalink\"><a href=\"https:\/\/sp1niepolomice.pl\/?p=13226\" class=\"dpt-permalink\"><span class=\"screen-reader-text\">Konkurs &#8222;Tadeusz Ko\u015bciuszko -in\u017cynier i \u017co\u0142nierz&#8221;<\/span><\/a><\/div><div class=\" dpt-thumbnail\"><div class=\"dpt-thumbnail-inner\"><img loading=\"lazy\" width=\"1810\" height=\"2560\" class=\"attachment-full size-full\" alt=\"\" context=\"dpt\" data-dpt-src=\"https:\/\/sp1niepolomice.pl\/wp-content\/uploads\/2026\/03\/Tadeusz-Kosciuszko-1_page-0002-scaled.jpg\" data-dpt-sizes=\"(max-width: 1810px) 100vw, 1810px\" data-dpt-srcset=\"https:\/\/sp1niepolomice.pl\/wp-content\/uploads\/2026\/03\/Tadeusz-Kosciuszko-1_page-0002-scaled.jpg 1810w, https:\/\/sp1niepolomice.pl\/wp-content\/uploads\/2026\/03\/Tadeusz-Kosciuszko-1_page-0002-212x300.jpg 212w, https:\/\/sp1niepolomice.pl\/wp-content\/uploads\/2026\/03\/Tadeusz-Kosciuszko-1_page-0002-724x1024.jpg 724w, https:\/\/sp1niepolomice.pl\/wp-content\/uploads\/2026\/03\/Tadeusz-Kosciuszko-1_page-0002-768x1086.jpg 768w, https:\/\/sp1niepolomice.pl\/wp-content\/uploads\/2026\/03\/Tadeusz-Kosciuszko-1_page-0002-1086x1536.jpg 1086w, https:\/\/sp1niepolomice.pl\/wp-content\/uploads\/2026\/03\/Tadeusz-Kosciuszko-1_page-0002-1448x2048.jpg 1448w\" \/><\/div><span class=\"dpt-thumbnail-aspect-ratio\" style=\"padding-top: 141%\"><\/span><\/div><\/div><div class=\" sub-entry\"><h3 class=\" dpt-title\"><a class=\"dpt-title-link\" href=\"https:\/\/sp1niepolomice.pl\/?p=13226\" rel=\"bookmark\">Konkurs &#8222;Tadeusz Ko\u015bciuszko -in\u017cynier i \u017co\u0142nierz&#8221;<\/a><\/h3><\/div><\/div>\n\t\t\t\t\t\t<\/div><!-- .dpt-entry -->\n\t\t\t\t\t\t\t\t\t\t\t\t<div class=\"dpt-entry has-thumbnail\" data-title=\"konkurs &#8222;ko\u015bciuszko w ameryce &#8222;\" data-id=\"13221\"  data-category=\"regulaminy konkurs\u00f3w\">\n\t\t\t\t\t\t\t<div class=\"dpt-entry-wrapper\"><div class=\" dpt-featured-content\"><div class=\" dpt-permalink\"><a href=\"https:\/\/sp1niepolomice.pl\/?p=13221\" class=\"dpt-permalink\"><span class=\"screen-reader-text\">Konkurs &#8222;Ko\u015bciuszko w Ameryce &#8222;<\/span><\/a><\/div><div class=\" dpt-thumbnail\"><div class=\"dpt-thumbnail-inner\"><img loading=\"lazy\" width=\"1240\" height=\"1748\" class=\"attachment-full size-full\" alt=\"\" context=\"dpt\" data-dpt-src=\"https:\/\/sp1niepolomice.pl\/wp-content\/uploads\/2026\/03\/plakat-na-konkurs-Kosciuszko-w-Ameryce.png\" data-dpt-sizes=\"(max-width: 1240px) 100vw, 1240px\" data-dpt-srcset=\"https:\/\/sp1niepolomice.pl\/wp-content\/uploads\/2026\/03\/plakat-na-konkurs-Kosciuszko-w-Ameryce.png 1240w, https:\/\/sp1niepolomice.pl\/wp-content\/uploads\/2026\/03\/plakat-na-konkurs-Kosciuszko-w-Ameryce-213x300.png 213w, https:\/\/sp1niepolomice.pl\/wp-content\/uploads\/2026\/03\/plakat-na-konkurs-Kosciuszko-w-Ameryce-726x1024.png 726w, https:\/\/sp1niepolomice.pl\/wp-content\/uploads\/2026\/03\/plakat-na-konkurs-Kosciuszko-w-Ameryce-768x1083.png 768w, https:\/\/sp1niepolomice.pl\/wp-content\/uploads\/2026\/03\/plakat-na-konkurs-Kosciuszko-w-Ameryce-1090x1536.png 1090w\" \/><\/div><span class=\"dpt-thumbnail-aspect-ratio\" style=\"padding-top: 141%\"><\/span><\/div><\/div><div class=\" sub-entry\"><h3 class=\" dpt-title\"><a class=\"dpt-title-link\" href=\"https:\/\/sp1niepolomice.pl\/?p=13221\" rel=\"bookmark\">Konkurs &#8222;Ko\u015bciuszko w Ameryce &#8222;<\/a><\/h3><\/div><\/div>\n\t\t\t\t\t\t<\/div><!-- .dpt-entry -->\n\t\t\t\t\t\t\t\t\t\t\t\t<div class=\"dpt-entry has-thumbnail\" data-title=\"konkurs &#8222;tadeusz ko\u015bciuszko -wakacje z  wodzem &#8222;\" data-id=\"13216\"  data-category=\"regulaminy konkurs\u00f3w\">\n\t\t\t\t\t\t\t<div class=\"dpt-entry-wrapper\"><div class=\" dpt-featured-content\"><div class=\" dpt-permalink\"><a href=\"https:\/\/sp1niepolomice.pl\/?p=13216\" class=\"dpt-permalink\"><span class=\"screen-reader-text\">Konkurs &#8222;Tadeusz Ko\u015bciuszko -wakacje z  wodzem &#8222;<\/span><\/a><\/div><div class=\" dpt-thumbnail\"><div class=\"dpt-thumbnail-inner\"><img loading=\"lazy\" width=\"1414\" height=\"2000\" class=\"attachment-full size-full\" alt=\"\" context=\"dpt\" data-dpt-src=\"https:\/\/sp1niepolomice.pl\/wp-content\/uploads\/2026\/03\/Konkurs-dla-klas-IV.png\" data-dpt-sizes=\"(max-width: 1414px) 100vw, 1414px\" data-dpt-srcset=\"https:\/\/sp1niepolomice.pl\/wp-content\/uploads\/2026\/03\/Konkurs-dla-klas-IV.png 1414w, https:\/\/sp1niepolomice.pl\/wp-content\/uploads\/2026\/03\/Konkurs-dla-klas-IV-212x300.png 212w, https:\/\/sp1niepolomice.pl\/wp-content\/uploads\/2026\/03\/Konkurs-dla-klas-IV-724x1024.png 724w, https:\/\/sp1niepolomice.pl\/wp-content\/uploads\/2026\/03\/Konkurs-dla-klas-IV-768x1086.png 768w, https:\/\/sp1niepolomice.pl\/wp-content\/uploads\/2026\/03\/Konkurs-dla-klas-IV-1086x1536.png 1086w\" \/><\/div><span class=\"dpt-thumbnail-aspect-ratio\" style=\"padding-top: 141%\"><\/span><\/div><\/div><div class=\" sub-entry\"><h3 class=\" dpt-title\"><a class=\"dpt-title-link\" href=\"https:\/\/sp1niepolomice.pl\/?p=13216\" rel=\"bookmark\">Konkurs &#8222;Tadeusz Ko\u015bciuszko -wakacje z  wodzem &#8222;<\/a><\/h3><\/div><\/div>\n\t\t\t\t\t\t<\/div><!-- .dpt-entry -->\n\t\t\t\t\t\t\t\t\t\t\t\t<div class=\"dpt-entry has-thumbnail\" data-title=\"konkurs literacki &#8222;gdyby insurekcja zako\u0144czy\u0142a si\u0119 sukcesem&#8230;&#8221;\" data-id=\"13211\"  data-category=\"regulaminy konkurs\u00f3w\">\n\t\t\t\t\t\t\t<div class=\"dpt-entry-wrapper\"><div class=\" dpt-featured-content\"><div class=\" dpt-permalink\"><a href=\"https:\/\/sp1niepolomice.pl\/?p=13211\" class=\"dpt-permalink\"><span class=\"screen-reader-text\">Konkurs Literacki &#8222;Gdyby Insurekcja zako\u0144czy\u0142a si\u0119 sukcesem&#8230;&#8221;<\/span><\/a><\/div><div class=\" dpt-thumbnail\"><div class=\"dpt-thumbnail-inner\"><img loading=\"lazy\" width=\"1024\" height=\"1536\" class=\"attachment-full size-full\" alt=\"\" context=\"dpt\" data-dpt-src=\"https:\/\/sp1niepolomice.pl\/wp-content\/uploads\/2026\/03\/649669580_1430081942244649_5733517755232957672_n.jpg\" data-dpt-sizes=\"(max-width: 1024px) 100vw, 1024px\" data-dpt-srcset=\"https:\/\/sp1niepolomice.pl\/wp-content\/uploads\/2026\/03\/649669580_1430081942244649_5733517755232957672_n.jpg 1024w, https:\/\/sp1niepolomice.pl\/wp-content\/uploads\/2026\/03\/649669580_1430081942244649_5733517755232957672_n-200x300.jpg 200w, https:\/\/sp1niepolomice.pl\/wp-content\/uploads\/2026\/03\/649669580_1430081942244649_5733517755232957672_n-683x1024.jpg 683w, https:\/\/sp1niepolomice.pl\/wp-content\/uploads\/2026\/03\/649669580_1430081942244649_5733517755232957672_n-768x1152.jpg 768w\" \/><\/div><span class=\"dpt-thumbnail-aspect-ratio\" style=\"padding-top: 150%\"><\/span><\/div><\/div><div class=\" sub-entry\"><h3 class=\" dpt-title\"><a class=\"dpt-title-link\" href=\"https:\/\/sp1niepolomice.pl\/?p=13211\" rel=\"bookmark\">Konkurs Literacki &#8222;Gdyby Insurekcja zako\u0144czy\u0142a si\u0119 sukcesem&#8230;&#8221;<\/a><\/h3><\/div><\/div>\n\t\t\t\t\t\t<\/div><!-- .dpt-entry -->\n\t\t\t\t\t\t\t\t\t\t\t\t<div class=\"dpt-entry has-thumbnail\" data-title=\"konkursowe \u015bwi\u0119towanie dnia patrona w naszej szkole\" data-id=\"13142\"  data-category=\"regulaminy konkurs\u00f3w\">\n\t\t\t\t\t\t\t<div class=\"dpt-entry-wrapper\"><div class=\" dpt-featured-content\"><div class=\" dpt-permalink\"><a href=\"https:\/\/sp1niepolomice.pl\/?p=13142\" class=\"dpt-permalink\"><span class=\"screen-reader-text\">Konkursowe \u015bwi\u0119towanie Dnia Patrona w naszej szkole<\/span><\/a><\/div><div class=\" dpt-thumbnail\"><div class=\"dpt-thumbnail-inner\"><img loading=\"lazy\" width=\"1414\" height=\"2000\" class=\"attachment-full size-full\" alt=\"\" context=\"dpt\" data-dpt-src=\"https:\/\/sp1niepolomice.pl\/wp-content\/uploads\/2026\/03\/Plakat-glowny-wersja-2.png\" data-dpt-sizes=\"(max-width: 1414px) 100vw, 1414px\" data-dpt-srcset=\"https:\/\/sp1niepolomice.pl\/wp-content\/uploads\/2026\/03\/Plakat-glowny-wersja-2.png 1414w, https:\/\/sp1niepolomice.pl\/wp-content\/uploads\/2026\/03\/Plakat-glowny-wersja-2-212x300.png 212w, https:\/\/sp1niepolomice.pl\/wp-content\/uploads\/2026\/03\/Plakat-glowny-wersja-2-724x1024.png 724w, https:\/\/sp1niepolomice.pl\/wp-content\/uploads\/2026\/03\/Plakat-glowny-wersja-2-768x1086.png 768w, https:\/\/sp1niepolomice.pl\/wp-content\/uploads\/2026\/03\/Plakat-glowny-wersja-2-1086x1536.png 1086w\" \/><\/div><span class=\"dpt-thumbnail-aspect-ratio\" style=\"padding-top: 141%\"><\/span><\/div><\/div><div class=\" sub-entry\"><h3 class=\" dpt-title\"><a class=\"dpt-title-link\" href=\"https:\/\/sp1niepolomice.pl\/?p=13142\" rel=\"bookmark\">Konkursowe \u015bwi\u0119towanie Dnia Patrona w naszej szkole<\/a><\/h3><\/div><\/div>\n\t\t\t\t\t\t<\/div><!-- .dpt-entry -->\n\t\t\t\t\t\t\n\t\t\t\t<\/div>\n\t\t\t\t\t\t<\/div>\n\t\t\t","protected":false},"excerpt":{"rendered":"","protected":false},"author":1,"featured_media":0,"parent":0,"menu_order":0,"comment_status":"closed","ping_status":"closed","template":"","meta":{"colormag_page_container_layout":"default_layout","colormag_page_sidebar_layout":"default_layout","footnotes":""},"class_list":["post-5464","page","type-page","status-publish","hentry"],"_links":{"self":[{"href":"https:\/\/sp1niepolomice.pl\/index.php?rest_route=\/wp\/v2\/pages\/5464","targetHints":{"allow":["GET"]}}],"collection":[{"href":"https:\/\/sp1niepolomice.pl\/index.php?rest_route=\/wp\/v2\/pages"}],"about":[{"href":"https:\/\/sp1niepolomice.pl\/index.php?rest_route=\/wp\/v2\/types\/page"}],"author":[{"embeddable":true,"href":"https:\/\/sp1niepolomice.pl\/index.php?rest_route=\/wp\/v2\/users\/1"}],"replies":[{"embeddable":true,"href":"https:\/\/sp1niepolomice.pl\/index.php?rest_route=%2Fwp%2Fv2%2Fcomments&post=5464"}],"version-history":[{"count":2,"href":"https:\/\/sp1niepolomice.pl\/index.php?rest_route=\/wp\/v2\/pages\/5464\/revisions"}],"predecessor-version":[{"id":5842,"href":"https:\/\/sp1niepolomice.pl\/index.php?rest_route=\/wp\/v2\/pages\/5464\/revisions\/5842"}],"wp:attachment":[{"href":"https:\/\/sp1niepolomice.pl\/index.php?rest_route=%2Fwp%2Fv2%2Fmedia&parent=5464"}],"curies":[{"name":"wp","href":"https:\/\/api.w.org\/{rel}","templated":true}]}}