{"id":53,"date":"2021-08-21T21:05:46","date_gmt":"2021-08-21T19:05:46","guid":{"rendered":"https:\/\/sp1niepolomice.pl\/?page_id=53"},"modified":"2021-09-04T16:47:58","modified_gmt":"2021-09-04T14:47:58","slug":"kontakt","status":"publish","type":"page","link":"https:\/\/sp1niepolomice.pl\/?page_id=53","title":{"rendered":"O NAS"},"content":{"rendered":"\t\t<div data-elementor-type=\"wp-page\" data-elementor-id=\"53\" class=\"elementor elementor-53\" data-elementor-settings=\"{&quot;ha_cmc_init_switcher&quot;:&quot;no&quot;}\">\n\t\t\t\t\t\t<section class=\"elementor-section elementor-top-section elementor-element elementor-element-02696ef elementor-section-boxed elementor-section-height-default elementor-section-height-default\" data-id=\"02696ef\" data-element_type=\"section\" data-settings=\"{&quot;_ha_eqh_enable&quot;:false}\">\n\t\t\t\t\t\t<div class=\"elementor-container elementor-column-gap-default\">\n\t\t\t\t\t<div class=\"elementor-column elementor-col-100 elementor-top-column elementor-element elementor-element-74364da\" data-id=\"74364da\" data-element_type=\"column\">\n\t\t\t<div class=\"elementor-widget-wrap elementor-element-populated\">\n\t\t\t\t\t\t<div class=\"elementor-element elementor-element-ed3912e elementor-widget elementor-widget-text-editor\" data-id=\"ed3912e\" data-element_type=\"widget\" data-widget_type=\"text-editor.default\">\n\t\t\t\t<div class=\"elementor-widget-container\">\n\t\t\t\t\t\t\t\t\t<h5 style=\"text-align: center;\"><span style=\"color: #000080;\">Szko\u0142a Podstawowa nr 1 im. Tadeusza Ko\u015bciuszki w Niepo\u0142omicach jest nowoczesn\u0105, przyjazn\u0105 plac\u00f3wk\u0105, przygotowuj\u0105c\u0105 uczni\u00f3w do kontynuowania nauki na kolejnym etapie edukacyjnym. Wykorzystuje zdobycze techniki informacyjnej i informatycznej, stosuje metody nauczania i wychowania pozwalaj\u0105ce uczniowi rozwija\u0107 swoje zainteresowania, umiej\u0119tno\u015bci, zdolno\u015bci i pasje.<\/span><\/h5><h5 style=\"text-align: center;\"><span style=\"color: #000080;\"> Celem kszta\u0142cenia w szkole jest przede wszystkim dba\u0142o\u015b\u0107 o integralny rozw\u00f3j biologiczny, poznawczy, emocjonalny, spo\u0142eczny i moralny ucznia. Szko\u0142a d\u0105\u017cy do tego, aby uczniowie byli \u015bwiadomi w\u0142asnego pochodzenia, odczuwali dum\u0119 z bycia Polakami, Europejczykami i cz\u0142onkami swojej &#8222;ma\u0142ej ojczyzny&#8221;, szanowali kultur\u0119 i tradycj\u0119. Szczeg\u00f3lnie dba o ich rozw\u00f3j fizyczny, psychiczny i duchowy, aby w przysz\u0142o\u015bci propagowali zdrowy styl \u017cycia.<\/span><\/h5>\t\t\t\t\t\t\t\t<\/div>\n\t\t\t\t<\/div>\n\t\t\t\t\t<\/div>\n\t\t<\/div>\n\t\t\t\t\t<\/div>\n\t\t<\/section>\n\t\t\t\t<\/div>\n\t\t","protected":false},"excerpt":{"rendered":"<p>Szko\u0142a Podstawowa nr 1 im. Tadeusza Ko\u015bciuszki w Niepo\u0142omicach jest nowoczesn\u0105, przyjazn\u0105 plac\u00f3wk\u0105, przygotowuj\u0105c\u0105 uczni\u00f3w do kontynuowania nauki na kolejnym<\/p>\n","protected":false},"author":1,"featured_media":0,"parent":0,"menu_order":0,"comment_status":"closed","ping_status":"closed","template":"","meta":{"colormag_page_container_layout":"default_layout","colormag_page_sidebar_layout":"default_layout","footnotes":""},"class_list":["post-53","page","type-page","status-publish","hentry"],"_links":{"self":[{"href":"https:\/\/sp1niepolomice.pl\/index.php?rest_route=\/wp\/v2\/pages\/53","targetHints":{"allow":["GET"]}}],"collection":[{"href":"https:\/\/sp1niepolomice.pl\/index.php?rest_route=\/wp\/v2\/pages"}],"about":[{"href":"https:\/\/sp1niepolomice.pl\/index.php?rest_route=\/wp\/v2\/types\/page"}],"author":[{"embeddable":true,"href":"https:\/\/sp1niepolomice.pl\/index.php?rest_route=\/wp\/v2\/users\/1"}],"replies":[{"embeddable":true,"href":"https:\/\/sp1niepolomice.pl\/index.php?rest_route=%2Fwp%2Fv2%2Fcomments&post=53"}],"version-history":[{"count":17,"href":"https:\/\/sp1niepolomice.pl\/index.php?rest_route=\/wp\/v2\/pages\/53\/revisions"}],"predecessor-version":[{"id":1361,"href":"https:\/\/sp1niepolomice.pl\/index.php?rest_route=\/wp\/v2\/pages\/53\/revisions\/1361"}],"wp:attachment":[{"href":"https:\/\/sp1niepolomice.pl\/index.php?rest_route=%2Fwp%2Fv2%2Fmedia&parent=53"}],"curies":[{"name":"wp","href":"https:\/\/api.w.org\/{rel}","templated":true}]}}