{"id":291,"date":"2021-08-24T18:19:56","date_gmt":"2021-08-24T16:19:56","guid":{"rendered":"https:\/\/sp1niepolomice.pl\/?page_id=291"},"modified":"2025-10-16T21:55:32","modified_gmt":"2025-10-16T19:55:32","slug":"dyrekcja","status":"publish","type":"page","link":"https:\/\/sp1niepolomice.pl\/?page_id=291","title":{"rendered":"GRONO PEDAGOGICZNE"},"content":{"rendered":"\t\t<div data-elementor-type=\"wp-page\" data-elementor-id=\"291\" class=\"elementor elementor-291\" data-elementor-settings=\"{&quot;ha_cmc_init_switcher&quot;:&quot;no&quot;}\">\n\t\t\t\t\t\t<section class=\"elementor-section elementor-top-section elementor-element elementor-element-cdb5de7 elementor-section-boxed elementor-section-height-default elementor-section-height-default\" data-id=\"cdb5de7\" data-element_type=\"section\" data-settings=\"{&quot;_ha_eqh_enable&quot;:false}\">\n\t\t\t\t\t\t<div class=\"elementor-container elementor-column-gap-default\">\n\t\t\t\t\t<div class=\"elementor-column elementor-col-100 elementor-top-column elementor-element elementor-element-b62f48b\" data-id=\"b62f48b\" data-element_type=\"column\">\n\t\t\t<div class=\"elementor-widget-wrap elementor-element-populated\">\n\t\t\t\t\t\t<div class=\"elementor-element elementor-element-fc282bd elementor-widget elementor-widget-image\" data-id=\"fc282bd\" data-element_type=\"widget\" data-widget_type=\"image.default\">\n\t\t\t\t<div class=\"elementor-widget-container\">\n\t\t\t\t\t\t\t\t\t\t\t\t\t\t\t<img fetchpriority=\"high\" decoding=\"async\" width=\"800\" height=\"266\" src=\"https:\/\/sp1niepolomice.pl\/wp-content\/uploads\/2024\/08\/Green-Minimalist-Healthy-Food-Twitter-Header-6-1024x341.jpg\" class=\"attachment-large size-large wp-image-9887\" alt=\"\" srcset=\"https:\/\/sp1niepolomice.pl\/wp-content\/uploads\/2024\/08\/Green-Minimalist-Healthy-Food-Twitter-Header-6-1024x341.jpg 1024w, https:\/\/sp1niepolomice.pl\/wp-content\/uploads\/2024\/08\/Green-Minimalist-Healthy-Food-Twitter-Header-6-300x100.jpg 300w, https:\/\/sp1niepolomice.pl\/wp-content\/uploads\/2024\/08\/Green-Minimalist-Healthy-Food-Twitter-Header-6-768x256.jpg 768w, https:\/\/sp1niepolomice.pl\/wp-content\/uploads\/2024\/08\/Green-Minimalist-Healthy-Food-Twitter-Header-6.jpg 1500w\" sizes=\"(max-width: 800px) 100vw, 800px\" \/>\t\t\t\t\t\t\t\t\t\t\t\t\t\t\t<\/div>\n\t\t\t\t<\/div>\n\t\t\t\t<div class=\"elementor-element elementor-element-344f4d0 elementor-widget elementor-widget-text-editor\" data-id=\"344f4d0\" data-element_type=\"widget\" data-widget_type=\"text-editor.default\">\n\t\t\t\t<div class=\"elementor-widget-container\">\n\t\t\t\t\t\t\t\t\t<h4 style=\"text-align: center;\"><span style=\"text-decoration: underline; color: #000080;\">DYREKTOR<\/span><\/h4><h4 style=\"text-align: center;\"><span style=\"color: #333399;\">Grzegorz Harabasz <\/span><\/h4>\t\t\t\t\t\t\t\t<\/div>\n\t\t\t\t<\/div>\n\t\t\t\t\t<\/div>\n\t\t<\/div>\n\t\t\t\t\t<\/div>\n\t\t<\/section>\n\t\t\t\t<section class=\"elementor-section elementor-top-section elementor-element elementor-element-379b9f1 elementor-section-boxed elementor-section-height-default elementor-section-height-default\" data-id=\"379b9f1\" data-element_type=\"section\" data-settings=\"{&quot;_ha_eqh_enable&quot;:false}\">\n\t\t\t\t\t\t<div class=\"elementor-container elementor-column-gap-default\">\n\t\t\t\t\t<div class=\"elementor-column elementor-col-100 elementor-top-column elementor-element elementor-element-93689ea\" data-id=\"93689ea\" data-element_type=\"column\">\n\t\t\t<div class=\"elementor-widget-wrap elementor-element-populated\">\n\t\t\t\t\t\t<div class=\"elementor-element elementor-element-145532a elementor-widget elementor-widget-text-editor\" data-id=\"145532a\" data-element_type=\"widget\" data-widget_type=\"text-editor.default\">\n\t\t\t\t<div class=\"elementor-widget-container\">\n\t\t\t\t\t\t\t\t\t<h5 style=\"text-align: center;\"><span style=\"text-decoration: underline;\"><strong><span style=\"color: #333399; text-decoration: underline;\">WICEDYREKTOR<\/span><\/strong><\/span><\/h5><h5 style=\"text-align: center;\"><strong><span style=\"color: #333399;\">Ma\u0142gorzata Bednarczyk<\/span><\/strong><\/h5><h5 style=\"text-align: center;\"><strong><span style=\"color: #333399;\">Magdalena Ko\u0142odziej<\/span><\/strong><\/h5>\t\t\t\t\t\t\t\t<\/div>\n\t\t\t\t<\/div>\n\t\t\t\t<div class=\"elementor-element elementor-element-1f7d47b elementor-widget elementor-widget-text-editor\" data-id=\"1f7d47b\" data-element_type=\"widget\" data-widget_type=\"text-editor.default\">\n\t\t\t\t<div class=\"elementor-widget-container\">\n\t\t\t\t\t\t\t\t\t<h5 style=\"text-align: center;\"><span style=\"text-decoration: underline;\"><span style=\"color: #333399;\"><strong>WYCHOWANIE PRZEDSZKOLNE<\/strong><\/span><\/span><\/h5><h5 style=\"text-align: center;\"><span style=\"color: #333399;\"><strong>Szlachta-\u0141agosz Renata <\/strong><\/span><span style=\"color: #333399;\"><strong>&#8211; wychowawca grupy Oa<\/strong><\/span><\/h5><h5 style=\"text-align: center;\"><span style=\"color: #333399;\"><strong> Karcz <\/strong><\/span><span style=\"color: #333399;\"><strong>Monika- wychowawca grupy Ob<\/strong><\/span><\/h5><h5 style=\"text-align: center;\"><span style=\"color: #333399;\"><strong>Stochel Ma\u0142gorzata\u2013 wychowawca grupy 0c<\/strong><\/span><\/h5>\t\t\t\t\t\t\t\t<\/div>\n\t\t\t\t<\/div>\n\t\t\t\t<div class=\"elementor-element elementor-element-13ad603 elementor-widget elementor-widget-text-editor\" data-id=\"13ad603\" data-element_type=\"widget\" data-widget_type=\"text-editor.default\">\n\t\t\t\t<div class=\"elementor-widget-container\">\n\t\t\t\t\t\t\t\t\t<h5 style=\"text-align: center;\"><span style=\"text-decoration: underline;\"><span style=\"color: #333399; text-decoration: underline;\"><strong>EDUKACJA WCZESNOSZKOLNA<\/strong><\/span><\/span><\/h5><h5 style=\"text-align: center;\"><span style=\"color: #333399;\"><strong>Kurak Aneta \u2013 edukacja wczesnoszkolna,\u00a0 wychowawca klasy 1a<\/strong><\/span><\/h5><h5 style=\"text-align: center;\"><span style=\"color: #333399;\"><strong>Pietrzyk Ma\u0142gorzata \u2013 edukacja wczesnoszkolna,\u00a0 wychowawca klasy 1b<\/strong><\/span><\/h5><h5 style=\"text-align: center;\"><span style=\"color: #333399;\"><strong>Pilch Katarzyna \u2013 edukacja wczesnoszkolna,\u00a0 wychowawca klasy 1c<\/strong><\/span><\/h5><h5 style=\"text-align: center;\"><span style=\"color: #333399;\"><strong>Galas Katarzyna \u2013 edukacja wczesnoszkolna,\u00a0 wychowawca klasy 1d<\/strong><\/span><\/h5><h5 style=\"text-align: center;\"><span style=\"color: #333399;\"><strong>Tynka- Smaga Kinga\u2013 edukacja wczesnoszkolna,\u00a0 wychowawca klasy 1e<\/strong><\/span><\/h5><h5 style=\"text-align: center;\"><span style=\"color: #333399;\"><strong>Data Adriana \u2013 edukacja wczesnoszkolna,\u00a0 wychowawca klasy 2a<\/strong><\/span><\/h5><h5 style=\"text-align: center;\"><span style=\"color: #333399;\"><strong>Bilska El\u017cbieta<\/strong><\/span><span style=\"color: #333399;\"><strong>-edukacja wczesnoszkolna ,wychowawca klasy 2b<\/strong><\/span><\/h5><h5 style=\"text-align: center;\"><span style=\"color: #333399;\"><strong>Cudak Edyta<\/strong><\/span><span style=\"color: #333399;\"><strong>-edukacja wczesnoszkolna ,wychowawca klasy 2c<\/strong><\/span><\/h5><h5 style=\"text-align: center;\"><span style=\"color: #333399;\"><strong>Kryza Marcelina-\u00a0 edukacja wczesnoszkolna ,pedagog specjalny, <\/strong><\/span><span style=\"color: #333399;\">wychowawca klasy 2d<\/span><\/h5><h5 style=\"text-align: center;\"><span style=\"color: #333399;\"><strong>Ptak Beata\u2013 edukacja wczesnoszkolna ,wychowawca klasy 3a<\/strong><\/span><\/h5><h5 style=\"text-align: center;\"><span style=\"color: #333399;\">Adamczyk Sylwia &#8211;<strong>edukacja wczesnoszkolna, pedagog specjalny ,wychowawca klasy 3b<\/strong><\/span><\/h5><h5 style=\"text-align: center;\"><span style=\"color: #333399;\">Marzec Monika &#8211;<strong>edukacja wczesnoszkolna ,wychowawca klasy 3c<\/strong><\/span><\/h5><h5 style=\"text-align: center;\"><span style=\"color: #333399;\"><strong>Cendrowicz\u00a0 Anna -edukacja wczesnoszkolna ,wychowawca klasy 3d<\/strong><\/span><\/h5><h5 style=\"text-align: center;\"><span style=\"color: #333399;\"><strong>Lubi\u0144ska Agata \u2013<\/strong><\/span><strong><span style=\"color: #333399;\">nauczyciel wspomagaj\u0105cy<\/span><\/strong><\/h5><h5 style=\"text-align: center;\"><strong><span style=\"color: #333399;\">\u00a0Mikler <\/span><\/strong><strong><span style=\"color: #333399;\">Maria<\/span><\/strong><strong><span style=\"color: #333399;\">&#8211; nauczyciel wspomagaj\u0105cy, logopeda\u00a0<\/span><\/strong><\/h5>\t\t\t\t\t\t\t\t<\/div>\n\t\t\t\t<\/div>\n\t\t\t\t<div class=\"elementor-element elementor-element-3c7fd46 elementor-widget elementor-widget-text-editor\" data-id=\"3c7fd46\" data-element_type=\"widget\" data-widget_type=\"text-editor.default\">\n\t\t\t\t<div class=\"elementor-widget-container\">\n\t\t\t\t\t\t\t\t\t<h5 class=\"cm-entry-title\" style=\"text-align: center;\"><strong><span style=\"text-decoration: underline;\"><span style=\"color: #333399;\">PRZEDMIOTY HUMANISTYCZNE<\/span><\/span><\/strong><\/h5><h5 style=\"text-align: center;\"><strong><span style=\"color: #333399;\">Hebda Karolina\u2013 j\u0119zyk polski, wychowawca klasy 7d<\/span><\/strong><\/h5><h5 style=\"text-align: center;\"><strong><span style=\"color: #333399;\"> Jakubowski <\/span><span style=\"color: #333399;\">Olaf \u2013 muzyka,\u00a0<\/span><\/strong><\/h5><h5 style=\"text-align: center;\"><strong><span style=\"color: #333399;\">Zaj\u0105c Tomasz \u2013 historia, WOS,wychowawca klasy 5d<\/span><\/strong><\/h5><h5 style=\"text-align: center;\"><strong><span style=\"color: #333399;\">Kocha\u0144ska Dominika \u2013 j\u0119zyk polski ,wychowawca klasy\u00a0 5b<\/span><\/strong><\/h5><h5 style=\"text-align: center;\"><strong><span style=\"color: #333399;\">Sendorek Bo\u017cena &#8211; j\u0119zyk polski , wychowawca klasy 4a<\/span><\/strong><\/h5><h5 style=\"text-align: center;\"><strong><span style=\"color: #333399;\">G\u0142owacka Dorota- j\u0119zyk polski, doradztwo zawodowe\u00a0<\/span><\/strong><\/h5><h5 style=\"text-align: center;\"><strong><span style=\"color: #333399;\">Ponisz El\u017cbieta- j\u0119zyk polski<\/span><\/strong><\/h5><h5 style=\"text-align: center;\"><strong><span style=\"color: #333399;\">Michalska Krystyna\u00a0\u2013 j\u0119zyk polski<\/span><\/strong><\/h5><h5 style=\"text-align: center;\"><strong><span style=\"color: #333399;\">Jaracz Edyta\u2013 plastyka<\/span><\/strong><\/h5><h5 style=\"text-align: center;\"><strong><span style=\"color: #333399;\">Anio\u0142-Bieniek Dorota- nauczyciel wspomagaj\u0105cy, wychowawca klasy 6b<\/span><\/strong><\/h5><h5 style=\"text-align: center;\">\u00a0<\/h5>\t\t\t\t\t\t\t\t<\/div>\n\t\t\t\t<\/div>\n\t\t\t\t<div class=\"elementor-element elementor-element-ed25518 elementor-widget elementor-widget-text-editor\" data-id=\"ed25518\" data-element_type=\"widget\" data-widget_type=\"text-editor.default\">\n\t\t\t\t<div class=\"elementor-widget-container\">\n\t\t\t\t\t\t\t\t\t<h5 style=\"text-align: center;\"><span style=\"text-decoration: underline;\"><span style=\"color: #333399; text-decoration: underline;\"><strong>PRZEDMIOTY\u00a0 <\/strong><\/span><\/span><span style=\"text-decoration: underline;\"><span style=\"color: #333399; text-decoration: underline;\"><strong>MATEMATYCZNO- PRZYRODNICZE<\/strong><\/span><\/span><\/h5><h5 style=\"text-align: center;\"><strong><span style=\"color: #333399;\">Radwa\u0144ska <\/span><\/strong><strong><span style=\"color: #333399;\">Anna <\/span><\/strong><strong><span style=\"color: #333399;\">&#8211; matematyka, wychowawca klasy 5a\u00a0<\/span><\/strong><\/h5><h5 style=\"text-align: center;\"><span style=\"color: #333399;\"><strong>Procyk Alina \u2013 matematyka, wychowawca klasy 6c<\/strong><\/span><\/h5><h5 style=\"text-align: center;\"><span style=\"color: #333399;\"><strong>Uwakwe Aleksandra\u2013 geografia, przyroda, wychowawca klasy 8a<\/strong><\/span><\/h5><h5 style=\"text-align: center;\"><span style=\"color: #333399;\"><strong>Kosi\u0144ska Anna \u2013 matematyka, wychowawca klasy 4d<\/strong><\/span><\/h5><h5 style=\"text-align: center;\"><span style=\"color: #333399;\"><strong>Osemlak Rafa\u0142\u2013 informatyka<\/strong><\/span><\/h5><h5 style=\"text-align: center;\"><span style=\"color: #333399;\"><strong>Szewczyk Damian \u2013 informatyka, <\/strong><\/span><span style=\"color: #333399;\"><strong>wychowawca klasy 5c<\/strong><\/span><\/h5><h5 style=\"text-align: center;\"><span style=\"color: #333399;\"><strong>\u017babi\u0144ska Alicja- biologia,\u00a0<\/strong><\/span><\/h5><h5 style=\"text-align: center;\"><span style=\"color: #333399;\"><strong>Dobosz Gabriela\u2013chemia, przyroda<\/strong><\/span><\/h5><h5 style=\"text-align: center;\"><span style=\"color: #333399;\"><strong>Ma\u015blaniec Monika-fizyka,<\/strong><\/span><\/h5><h5 style=\"text-align: center;\"><span style=\"color: #000080;\">Konderak Monika -technika<\/span><\/h5>\t\t\t\t\t\t\t\t<\/div>\n\t\t\t\t<\/div>\n\t\t\t\t<div class=\"elementor-element elementor-element-f9b5dc5 elementor-widget elementor-widget-text-editor\" data-id=\"f9b5dc5\" data-element_type=\"widget\" data-widget_type=\"text-editor.default\">\n\t\t\t\t<div class=\"elementor-widget-container\">\n\t\t\t\t\t\t\t\t\t<h5 style=\"text-align: center;\"><span style=\"text-decoration: underline;\"><span style=\"color: #333399;\"><strong>J\u0118ZYKI OBCE<\/strong><\/span><\/span><\/h5><h5 style=\"text-align: center;\"><span style=\"color: #333399;\">Sygnarowicz Sylwia\u2013 j\u0119zyk angielski, wychowawca klasy 6a<\/span><\/h5><h5 style=\"text-align: center;\"><span style=\"color: #333399;\"><strong>Drzewiczuk Dorota<\/strong>\u2013 j\u0119zyk angielski,wychowawca klasy 7a<\/span><\/h5><h5 style=\"text-align: center;\"><span style=\"color: #333399;\"><strong>G\u0142ogowska Katarzyna<\/strong>\u2013 j\u0119zyk angielski,<\/span><\/h5><h5 style=\"text-align: center;\"><span style=\"color: #333399;\"><strong>Mazurkiewicz Anna<\/strong>\u00a0\u2013 j\u0119zyk angielski<\/span><\/h5><div><h5 style=\"text-align: center;\"><span style=\"color: #333399;\"><strong>Ligas Magdalena<\/strong> \u2013 j\u0119zyk angielski, wychowawca klasy 4c<\/span><\/h5><\/div><h5 style=\"text-align: center;\"><span style=\"color: #333399;\"><strong>\u015awierk Katarzyna \u2013 j\u0119zyk angielski, <\/strong><\/span><span style=\"color: #333399;\">wychowawca klasy 7b<\/span><\/h5><h5 style=\"text-align: center;\"><span style=\"color: #333399;\"><strong>Bukowiec Helena<\/strong>\u2013 j\u0119zyk niemiecki<\/span><\/h5><p>,<\/p>\t\t\t\t\t\t\t\t<\/div>\n\t\t\t\t<\/div>\n\t\t\t\t<div class=\"elementor-element elementor-element-cb3417b elementor-widget elementor-widget-text-editor\" data-id=\"cb3417b\" data-element_type=\"widget\" data-widget_type=\"text-editor.default\">\n\t\t\t\t<div class=\"elementor-widget-container\">\n\t\t\t\t\t\t\t\t\t<h5 style=\"text-align: center;\"><span style=\"text-decoration: underline;\"><span style=\"color: #333399;\"><strong>RELIGIA<\/strong><\/span><\/span><\/h5><h5 style=\"text-align: center;\"><span style=\"color: #333399;\"><strong>Malarz Jacenty\u00a0-religia<\/strong><\/span><\/h5><h5 style=\"text-align: center;\"><span style=\"color: #333399;\"><strong>Pustelnik Helena\u2013 religia<\/strong><\/span><\/h5><h5 style=\"text-align: center;\"><span style=\"color: #333399;\"><strong>Bukowiec\u00a0Helena\u2013 religia<\/strong><\/span><\/h5><h5 style=\"text-align: center;\">\u00a0<\/h5>\t\t\t\t\t\t\t\t<\/div>\n\t\t\t\t<\/div>\n\t\t\t\t<div class=\"elementor-element elementor-element-0e4e167 elementor-widget elementor-widget-text-editor\" data-id=\"0e4e167\" data-element_type=\"widget\" data-widget_type=\"text-editor.default\">\n\t\t\t\t<div class=\"elementor-widget-container\">\n\t\t\t\t\t\t\t\t\t<h5 style=\"text-align: center;\"><strong><span style=\"text-decoration: underline;\"><span style=\"color: #333399; text-decoration: underline;\">WYCHOWANIE FIZYCZNE<\/span><\/span><\/strong><\/h5><h5 style=\"text-align: center;\"><strong><span style=\"color: #333399;\">Cio\u015b Agnieszka- wychowanie fizyczne, wychowawca klasy 7c<\/span><\/strong><\/h5><h5 style=\"text-align: center;\"><strong><span style=\"color: #333399;\">Drabik Andrzej \u2013 wychowanie fizyczne ,wychowawca klasy 8b<\/span><\/strong><\/h5><h5 style=\"text-align: center;\"><strong><span style=\"color: #333399;\">Gurgul Sabina \u2013 wychowanie<\/span> <span style=\"color: #333399;\">fizyczne ,wychowawca klasy 8c<\/span><\/strong><\/h5><h5 style=\"text-align: center;\"><strong><span style=\"color: #333399;\">Czarny Micha\u0142 \u2013 wychowanie<\/span> <span style=\"color: #333399;\">fizyczne<\/span><\/strong><\/h5><h5 style=\"text-align: center;\"><strong><span style=\"color: #333399;\">Raszkiewicz Anna- <\/span><span style=\"color: #333399;\">wychowanie<\/span> <span style=\"color: #333399;\">fizyczne, wychowawca klasy 4b<\/span><\/strong><\/h5><h5 style=\"text-align: center;\"><strong><span style=\"color: #000080;\">Siwek<\/span><span style=\"color: #000080;\"> Da<\/span><span style=\"color: #000080;\">niel<\/span><span style=\"color: #000080;\"> -wychowanie fizyczne<\/span><\/strong><\/h5><h5 style=\"text-align: center;\"><strong><span style=\"color: #333399;\">Heliasz Janusz- wychowanie fizyczne, edukacja dla<\/span> <span style=\"color: #333399;\">bezpiecze\u0144stwa<\/span><\/strong><\/h5>\t\t\t\t\t\t\t\t<\/div>\n\t\t\t\t<\/div>\n\t\t\t\t\t<\/div>\n\t\t<\/div>\n\t\t\t\t\t<\/div>\n\t\t<\/section>\n\t\t\t\t<section class=\"elementor-section elementor-top-section elementor-element elementor-element-c164690 elementor-section-boxed elementor-section-height-default elementor-section-height-default\" data-id=\"c164690\" data-element_type=\"section\" data-settings=\"{&quot;_ha_eqh_enable&quot;:false}\">\n\t\t\t\t\t\t<div class=\"elementor-container elementor-column-gap-default\">\n\t\t\t\t\t<div class=\"elementor-column elementor-col-100 elementor-top-column elementor-element elementor-element-23df473\" data-id=\"23df473\" data-element_type=\"column\">\n\t\t\t<div class=\"elementor-widget-wrap elementor-element-populated\">\n\t\t\t\t\t\t<div class=\"elementor-element elementor-element-2dc3e5f elementor-widget elementor-widget-text-editor\" data-id=\"2dc3e5f\" data-element_type=\"widget\" data-widget_type=\"text-editor.default\">\n\t\t\t\t<div class=\"elementor-widget-container\">\n\t\t\t\t\t\t\t\t\t<h5 style=\"text-align: center;\"><span style=\"color: #333399;\"><strong><span style=\"text-decoration: underline;\">\u015aWIETLICA \u00a0<\/span><\/strong><\/span><\/h5><h5 style=\"text-align: center;\">\u00a0<\/h5><h5 style=\"text-align: center;\">\u00a0<\/h5>\t\t\t\t\t\t\t\t<\/div>\n\t\t\t\t<\/div>\n\t\t\t\t<div class=\"elementor-element elementor-element-c383c90 elementor-widget elementor-widget-text-editor\" data-id=\"c383c90\" data-element_type=\"widget\" data-widget_type=\"text-editor.default\">\n\t\t\t\t<div class=\"elementor-widget-container\">\n\t\t\t\t\t\t\t\t\t<h5 style=\"text-align: center;\"><strong><span style=\"text-decoration: underline;\"><span style=\"color: #333399; text-decoration: underline;\">PEDAGOG I PSYCHOLOG<\/span><\/span><\/strong><\/h5><h5 style=\"text-align: center;\"><strong><span style=\"color: #333399;\">\u0141abuz-Pajdzik Gra\u017cyna- pedagog<\/span><\/strong><\/h5><h5 style=\"text-align: center;\"><strong><span style=\"color: #333399;\">Pabian Anna -pedagog, WD\u017b<\/span><\/strong><\/h5><h5 style=\"text-align: center;\"><strong><span style=\"color: #333399;\">Krawczyk Agata- psycholog<\/span><\/strong><\/h5><h5 style=\"text-align: center;\"><strong><span style=\"color: #333399;\">Golarz Karolina -logopeda<\/span><\/strong><\/h5>\t\t\t\t\t\t\t\t<\/div>\n\t\t\t\t<\/div>\n\t\t\t\t<div class=\"elementor-element elementor-element-4661ad7 elementor-widget elementor-widget-text-editor\" data-id=\"4661ad7\" data-element_type=\"widget\" data-widget_type=\"text-editor.default\">\n\t\t\t\t<div class=\"elementor-widget-container\">\n\t\t\t\t\t\t\t\t\t<h5 style=\"text-align: center;\"><strong><span style=\"text-decoration: underline;\"><span style=\"color: #333399; text-decoration: underline;\">BIBLIOTEKA<\/span><\/span><\/strong><\/h5><h5 style=\"text-align: center;\"><strong><span style=\"color: #333399;\">Klima Zofia- \u2013 nauczyciel bibliotekarz<\/span><\/strong><\/h5>\t\t\t\t\t\t\t\t<\/div>\n\t\t\t\t<\/div>\n\t\t\t\t\t<\/div>\n\t\t<\/div>\n\t\t\t\t\t<\/div>\n\t\t<\/section>\n\t\t\t\t<\/div>\n\t\t","protected":false},"excerpt":{"rendered":"<p>DYREKTOR Grzegorz Harabasz WICEDYREKTOR Ma\u0142gorzata Bednarczyk Magdalena Ko\u0142odziej WYCHOWANIE PRZEDSZKOLNE Szlachta-\u0141agosz Renata &#8211; wychowawca grupy Oa Karcz Monika- wychowawca grupy<\/p>\n","protected":false},"author":1,"featured_media":0,"parent":0,"menu_order":0,"comment_status":"closed","ping_status":"closed","template":"","meta":{"colormag_page_container_layout":"default_layout","colormag_page_sidebar_layout":"default_layout","footnotes":""},"class_list":["post-291","page","type-page","status-publish","hentry"],"_links":{"self":[{"href":"https:\/\/sp1niepolomice.pl\/index.php?rest_route=\/wp\/v2\/pages\/291","targetHints":{"allow":["GET"]}}],"collection":[{"href":"https:\/\/sp1niepolomice.pl\/index.php?rest_route=\/wp\/v2\/pages"}],"about":[{"href":"https:\/\/sp1niepolomice.pl\/index.php?rest_route=\/wp\/v2\/types\/page"}],"author":[{"embeddable":true,"href":"https:\/\/sp1niepolomice.pl\/index.php?rest_route=\/wp\/v2\/users\/1"}],"replies":[{"embeddable":true,"href":"https:\/\/sp1niepolomice.pl\/index.php?rest_route=%2Fwp%2Fv2%2Fcomments&post=291"}],"version-history":[{"count":84,"href":"https:\/\/sp1niepolomice.pl\/index.php?rest_route=\/wp\/v2\/pages\/291\/revisions"}],"predecessor-version":[{"id":12449,"href":"https:\/\/sp1niepolomice.pl\/index.php?rest_route=\/wp\/v2\/pages\/291\/revisions\/12449"}],"wp:attachment":[{"href":"https:\/\/sp1niepolomice.pl\/index.php?rest_route=%2Fwp%2Fv2%2Fmedia&parent=291"}],"curies":[{"name":"wp","href":"https:\/\/api.w.org\/{rel}","templated":true}]}}