{"id":233,"date":"2021-08-24T11:52:35","date_gmt":"2021-08-24T09:52:35","guid":{"rendered":"https:\/\/sp1niepolomice.pl\/?page_id=233"},"modified":"2023-08-10T19:29:39","modified_gmt":"2023-08-10T17:29:39","slug":"rada-rodzicow","status":"publish","type":"page","link":"https:\/\/sp1niepolomice.pl\/?page_id=233","title":{"rendered":"RADA RODZIC\u00d3W"},"content":{"rendered":"\t\t<div data-elementor-type=\"wp-page\" data-elementor-id=\"233\" class=\"elementor elementor-233\" data-elementor-settings=\"{&quot;ha_cmc_init_switcher&quot;:&quot;no&quot;}\">\n\t\t\t\t\t\t<section class=\"elementor-section elementor-top-section elementor-element elementor-element-5150d02 elementor-section-boxed elementor-section-height-default elementor-section-height-default\" data-id=\"5150d02\" data-element_type=\"section\" data-settings=\"{&quot;_ha_eqh_enable&quot;:false}\">\n\t\t\t\t\t\t<div class=\"elementor-container elementor-column-gap-default\">\n\t\t\t\t\t<div class=\"elementor-column elementor-col-100 elementor-top-column elementor-element elementor-element-3446bd5\" data-id=\"3446bd5\" data-element_type=\"column\">\n\t\t\t<div class=\"elementor-widget-wrap elementor-element-populated\">\n\t\t\t\t\t\t<div class=\"elementor-element elementor-element-d70415e elementor-widget elementor-widget-text-editor\" data-id=\"d70415e\" data-element_type=\"widget\" data-widget_type=\"text-editor.default\">\n\t\t\t\t<div class=\"elementor-widget-container\">\n\t\t\t\t\t\t\t\t\t<h2><span style=\"color: #339966;\">Kontakt i numer konta<\/span><\/h2><div class=\"entry-content\"><p><strong><u>RADA RODZIC\u00d3W<\/u><\/strong><\/p><p>W RAZIE JAKICHKOLWIEK PYTA\u0143 ZWI\u0104ZANYCH Z FUNKCJONOWANIEM NASZEJ SZKO\u0141Y PREZYDIUM RADY RODZIC\u00d3W UDOST\u0118PNIA MAILA NA KT\u00d3REGO RODZICE MOG\u0104 PISA\u0106:<\/p><p><strong>radarodzicow@interia.eu<\/strong><\/p><p>NR KONTA RADY RODZIC\u00d3W DO WP\u0141AT:<\/p><p>Rada Rodzic\u00f3w Szko\u0142y Podstawowej nr 1 im. Tadeusza Ko\u015bciuszki<\/p><p>47 1020 2892 0000 5302 0877 8641<\/p><\/div>\t\t\t\t\t\t\t\t<\/div>\n\t\t\t\t<\/div>\n\t\t\t\t\t<\/div>\n\t\t<\/div>\n\t\t\t\t\t<\/div>\n\t\t<\/section>\n\t\t\t\t<section class=\"elementor-section elementor-top-section elementor-element elementor-element-8c30a5d elementor-section-boxed elementor-section-height-default elementor-section-height-default\" data-id=\"8c30a5d\" data-element_type=\"section\" data-settings=\"{&quot;_ha_eqh_enable&quot;:false}\">\n\t\t\t\t\t\t<div class=\"elementor-container elementor-column-gap-default\">\n\t\t\t\t\t<div class=\"elementor-column elementor-col-100 elementor-top-column elementor-element elementor-element-f5f12a0\" data-id=\"f5f12a0\" data-element_type=\"column\">\n\t\t\t<div class=\"elementor-widget-wrap elementor-element-populated\">\n\t\t\t\t\t\t<section class=\"elementor-section elementor-inner-section elementor-element elementor-element-7519363 elementor-section-boxed elementor-section-height-default elementor-section-height-default\" data-id=\"7519363\" data-element_type=\"section\" data-settings=\"{&quot;_ha_eqh_enable&quot;:false}\">\n\t\t\t\t\t\t<div class=\"elementor-container elementor-column-gap-default\">\n\t\t\t\t\t<div class=\"elementor-column elementor-col-50 elementor-inner-column elementor-element elementor-element-7e051c9\" data-id=\"7e051c9\" data-element_type=\"column\">\n\t\t\t<div class=\"elementor-widget-wrap elementor-element-populated\">\n\t\t\t\t\t\t<div class=\"elementor-element elementor-element-a63350e elementor-widget elementor-widget-heading\" data-id=\"a63350e\" data-element_type=\"widget\" data-widget_type=\"heading.default\">\n\t\t\t\t<div class=\"elementor-widget-container\">\n\t\t\t\t\t<h2 class=\"elementor-heading-title elementor-size-medium\">Regulamin Rady Rodzic\u00f3w<\/h2>\t\t\t\t<\/div>\n\t\t\t\t<\/div>\n\t\t\t\t\t<\/div>\n\t\t<\/div>\n\t\t\t\t<div class=\"elementor-column elementor-col-50 elementor-inner-column elementor-element elementor-element-ee1ca41\" data-id=\"ee1ca41\" data-element_type=\"column\">\n\t\t\t<div class=\"elementor-widget-wrap elementor-element-populated\">\n\t\t\t\t\t\t<div class=\"elementor-element elementor-element-725e80c elementor-widget elementor-widget-button\" data-id=\"725e80c\" data-element_type=\"widget\" data-widget_type=\"button.default\">\n\t\t\t\t<div class=\"elementor-widget-container\">\n\t\t\t\t\t\t\t\t\t<div class=\"elementor-button-wrapper\">\n\t\t\t\t\t<a class=\"elementor-button elementor-button-link elementor-size-sm elementor-animation-grow\" href=\"https:\/\/sp1niepolomice.pl\/wp-content\/uploads\/2021\/09\/Regulamin-Rady-Rodzicow.docx\">\n\t\t\t\t\t\t<span class=\"elementor-button-content-wrapper\">\n\t\t\t\t\t\t\t\t\t<span class=\"elementor-button-text\">Pobierz<\/span>\n\t\t\t\t\t<\/span>\n\t\t\t\t\t<\/a>\n\t\t\t\t<\/div>\n\t\t\t\t\t\t\t\t<\/div>\n\t\t\t\t<\/div>\n\t\t\t\t\t<\/div>\n\t\t<\/div>\n\t\t\t\t\t<\/div>\n\t\t<\/section>\n\t\t\t\t\t<\/div>\n\t\t<\/div>\n\t\t\t\t\t<\/div>\n\t\t<\/section>\n\t\t\t\t<\/div>\n\t\t","protected":false},"excerpt":{"rendered":"<p>Kontakt i numer konta RADA RODZIC\u00d3W W RAZIE JAKICHKOLWIEK PYTA\u0143 ZWI\u0104ZANYCH Z FUNKCJONOWANIEM NASZEJ SZKO\u0141Y PREZYDIUM RADY RODZIC\u00d3W UDOST\u0118PNIA MAILA<\/p>\n","protected":false},"author":1,"featured_media":0,"parent":0,"menu_order":0,"comment_status":"closed","ping_status":"closed","template":"","meta":{"colormag_page_container_layout":"default_layout","colormag_page_sidebar_layout":"default_layout","footnotes":""},"class_list":["post-233","page","type-page","status-publish","hentry"],"_links":{"self":[{"href":"https:\/\/sp1niepolomice.pl\/index.php?rest_route=\/wp\/v2\/pages\/233","targetHints":{"allow":["GET"]}}],"collection":[{"href":"https:\/\/sp1niepolomice.pl\/index.php?rest_route=\/wp\/v2\/pages"}],"about":[{"href":"https:\/\/sp1niepolomice.pl\/index.php?rest_route=\/wp\/v2\/types\/page"}],"author":[{"embeddable":true,"href":"https:\/\/sp1niepolomice.pl\/index.php?rest_route=\/wp\/v2\/users\/1"}],"replies":[{"embeddable":true,"href":"https:\/\/sp1niepolomice.pl\/index.php?rest_route=%2Fwp%2Fv2%2Fcomments&post=233"}],"version-history":[{"count":25,"href":"https:\/\/sp1niepolomice.pl\/index.php?rest_route=\/wp\/v2\/pages\/233\/revisions"}],"predecessor-version":[{"id":7169,"href":"https:\/\/sp1niepolomice.pl\/index.php?rest_route=\/wp\/v2\/pages\/233\/revisions\/7169"}],"wp:attachment":[{"href":"https:\/\/sp1niepolomice.pl\/index.php?rest_route=%2Fwp%2Fv2%2Fmedia&parent=233"}],"curies":[{"name":"wp","href":"https:\/\/api.w.org\/{rel}","templated":true}]}}