{"id":126,"date":"2021-08-21T22:24:54","date_gmt":"2021-08-21T20:24:54","guid":{"rendered":"https:\/\/sp1niepolomice.pl\/?page_id=126"},"modified":"2023-08-03T19:49:53","modified_gmt":"2023-08-03T17:49:53","slug":"kontakt-2","status":"publish","type":"page","link":"https:\/\/sp1niepolomice.pl\/?page_id=126","title":{"rendered":"KONTAKT"},"content":{"rendered":"\t\t<div data-elementor-type=\"wp-page\" data-elementor-id=\"126\" class=\"elementor elementor-126\" data-elementor-settings=\"{&quot;ha_cmc_init_switcher&quot;:&quot;no&quot;}\">\n\t\t\t\t\t\t<section class=\"elementor-section elementor-top-section elementor-element elementor-element-f68c516 elementor-section-content-top elementor-section-boxed elementor-section-height-default elementor-section-height-default\" data-id=\"f68c516\" data-element_type=\"section\" data-settings=\"{&quot;_ha_eqh_enable&quot;:false}\">\n\t\t\t\t\t\t<div class=\"elementor-container elementor-column-gap-default\">\n\t\t\t\t\t<div class=\"elementor-column elementor-col-100 elementor-top-column elementor-element elementor-element-760701e\" data-id=\"760701e\" data-element_type=\"column\">\n\t\t\t<div class=\"elementor-widget-wrap elementor-element-populated\">\n\t\t\t\t\t\t<section class=\"elementor-section elementor-inner-section elementor-element elementor-element-b372884 elementor-section-boxed elementor-section-height-default elementor-section-height-default\" data-id=\"b372884\" data-element_type=\"section\" data-settings=\"{&quot;_ha_eqh_enable&quot;:false}\">\n\t\t\t\t\t\t<div class=\"elementor-container elementor-column-gap-default\">\n\t\t\t\t\t<div class=\"elementor-column elementor-col-50 elementor-inner-column elementor-element elementor-element-310605b\" data-id=\"310605b\" data-element_type=\"column\">\n\t\t\t<div class=\"elementor-widget-wrap elementor-element-populated\">\n\t\t\t\t\t\t<div class=\"elementor-element elementor-element-925032e elementor-widget elementor-widget-google_maps\" data-id=\"925032e\" data-element_type=\"widget\" data-widget_type=\"google_maps.default\">\n\t\t\t\t<div class=\"elementor-widget-container\">\n\t\t\t\t\t\t\t<div class=\"elementor-custom-embed\">\n\t\t\t<iframe loading=\"lazy\"\n\t\t\t\t\tsrc=\"https:\/\/maps.google.com\/maps?q=Szko%C5%82a%20Podstawowa%20nr%201%20im.%20Tadeusza%20Ko%C5%9Bciuszki%2C%20Szkolna%2C%20Niepo%C5%82omice&#038;t=m&#038;z=17&#038;output=embed&#038;iwloc=near\"\n\t\t\t\t\ttitle=\"Szko\u0142a Podstawowa nr 1 im. Tadeusza Ko\u015bciuszki, Szkolna, Niepo\u0142omice\"\n\t\t\t\t\taria-label=\"Szko\u0142a Podstawowa nr 1 im. Tadeusza Ko\u015bciuszki, Szkolna, Niepo\u0142omice\"\n\t\t\t><\/iframe>\n\t\t<\/div>\n\t\t\t\t\t\t<\/div>\n\t\t\t\t<\/div>\n\t\t\t\t\t<\/div>\n\t\t<\/div>\n\t\t\t\t<div class=\"elementor-column elementor-col-50 elementor-inner-column elementor-element elementor-element-df4035d\" data-id=\"df4035d\" data-element_type=\"column\">\n\t\t\t<div class=\"elementor-widget-wrap elementor-element-populated\">\n\t\t\t\t\t\t<div class=\"elementor-element elementor-element-c759eb9 elementor-widget elementor-widget-text-editor\" data-id=\"c759eb9\" data-element_type=\"widget\" data-widget_type=\"text-editor.default\">\n\t\t\t\t<div class=\"elementor-widget-container\">\n\t\t\t\t\t\t\t\t\t<h4 style=\"text-align: center;\"><span style=\"color: #000080;\"><strong>Szko\u0142a Podstawowa nr 1\u00a0<\/strong><\/span><\/h4><h4 style=\"text-align: center;\"><span style=\"color: #000080;\"><strong> im. Tadeusza Ko\u015bciuszki\u00a0<\/strong><\/span><\/h4><h4 style=\"text-align: center;\"><span style=\"color: #000080;\"><strong> w Niepo\u0142omicach<\/strong><\/span><\/h4><p>\u00a0<\/p><h6 style=\"text-align: center;\"><span style=\"color: #000080;\"><strong>32-005 Niepo\u0142omice, ul. Szkolna 3<\/strong><\/span><\/h6><h6 style=\"text-align: center;\"><span style=\"color: #000080;\"><strong>sekretariat tel\/fax:\u00a0<em>12 2811-154<\/em><\/strong><\/span><\/h6><h6 style=\"text-align: center;\"><span style=\"color: #000080;\"><strong>sekretariat@sp1niepolomice.pl<\/strong><\/span><\/h6><div><h6 style=\"text-align: center;\"><span style=\"color: #000080;\"><strong>telefon na \u015bwietlic\u0119: <em>886-361-457<\/em><\/strong><\/span><\/h6><h6 style=\"text-align: center;\"><span style=\"color: #000080;\"><strong>(czynny w godzinach pracy \u015bwietlicy )<\/strong><\/span><\/h6><div>\u00a0<\/div><\/div><div>\u00a0<\/div>\t\t\t\t\t\t\t\t<\/div>\n\t\t\t\t<\/div>\n\t\t\t\t\t<\/div>\n\t\t<\/div>\n\t\t\t\t\t<\/div>\n\t\t<\/section>\n\t\t\t\t\t<\/div>\n\t\t<\/div>\n\t\t\t\t\t<\/div>\n\t\t<\/section>\n\t\t\t\t<section class=\"elementor-section elementor-top-section elementor-element elementor-element-80204b4 elementor-section-boxed elementor-section-height-default elementor-section-height-default\" data-id=\"80204b4\" data-element_type=\"section\" data-settings=\"{&quot;_ha_eqh_enable&quot;:false}\">\n\t\t\t\t\t\t<div class=\"elementor-container elementor-column-gap-default\">\n\t\t\t\t\t<div class=\"elementor-column elementor-col-100 elementor-top-column elementor-element elementor-element-5cbfec9\" data-id=\"5cbfec9\" data-element_type=\"column\">\n\t\t\t<div class=\"elementor-widget-wrap elementor-element-populated\">\n\t\t\t\t\t\t<section class=\"elementor-section elementor-inner-section elementor-element elementor-element-86af2ff elementor-section-boxed elementor-section-height-default elementor-section-height-default\" data-id=\"86af2ff\" data-element_type=\"section\" data-settings=\"{&quot;_ha_eqh_enable&quot;:false}\">\n\t\t\t\t\t\t<div class=\"elementor-container elementor-column-gap-default\">\n\t\t\t\t\t<div class=\"elementor-column elementor-col-50 elementor-inner-column elementor-element elementor-element-e47ac69\" data-id=\"e47ac69\" data-element_type=\"column\">\n\t\t\t<div class=\"elementor-widget-wrap elementor-element-populated\">\n\t\t\t\t\t\t<div class=\"elementor-element elementor-element-42fbc10 elementor-widget elementor-widget-image\" data-id=\"42fbc10\" data-element_type=\"widget\" data-widget_type=\"image.default\">\n\t\t\t\t<div class=\"elementor-widget-container\">\n\t\t\t\t\t\t\t\t\t\t\t\t\t\t\t<img fetchpriority=\"high\" decoding=\"async\" width=\"600\" height=\"200\" src=\"https:\/\/sp1niepolomice.pl\/wp-content\/uploads\/2021\/09\/sek-szk.gif\" class=\"attachment-large size-large wp-image-1171\" alt=\"\" \/>\t\t\t\t\t\t\t\t\t\t\t\t\t\t\t<\/div>\n\t\t\t\t<\/div>\n\t\t\t\t<div class=\"elementor-element elementor-element-d7970f5 elementor-widget elementor-widget-text-editor\" data-id=\"d7970f5\" data-element_type=\"widget\" data-widget_type=\"text-editor.default\">\n\t\t\t\t<div class=\"elementor-widget-container\">\n\t\t\t\t\t\t\t\t\t<p><strong><span style=\"color: #000080;\">PONIEDZIA\u0141EK\u00a0\u00a0\u00a0\u00a0 7.30 \u2013 15.30<\/span><\/strong><\/p><p><strong><span style=\"color: #000080;\">WTOREK\u00a0\u00a0\u00a0\u00a0\u00a0\u00a0\u00a0\u00a0\u00a0\u00a0\u00a0\u00a0\u00a0\u00a0\u00a0\u00a0 7.30 \u2013 15.30<\/span><\/strong><\/p><p><strong><span style=\"color: #000080;\">\u015aRODA\u00a0\u00a0\u00a0\u00a0\u00a0\u00a0\u00a0\u00a0\u00a0\u00a0\u00a0\u00a0\u00a0\u00a0\u00a0\u00a0\u00a0\u00a0\u00a0\u00a0 7.30 \u2013 15.30<\/span><\/strong><\/p><p><strong><span style=\"color: #000080;\">CZWARTEK\u00a0\u00a0\u00a0\u00a0\u00a0\u00a0\u00a0\u00a0\u00a0\u00a0 dzie\u0144 wewn\u0119trzny<\/span><\/strong><\/p><p><strong><span style=\"color: #000080;\">PI\u0104TEK\u00a0\u00a0\u00a0\u00a0\u00a0\u00a0\u00a0\u00a0\u00a0\u00a0\u00a0\u00a0\u00a0\u00a0\u00a0\u00a0\u00a0\u00a0\u00a0 7.30 \u2013 15.30<\/span><\/strong><\/p>\t\t\t\t\t\t\t\t<\/div>\n\t\t\t\t<\/div>\n\t\t\t\t\t<\/div>\n\t\t<\/div>\n\t\t\t\t<div class=\"elementor-column elementor-col-50 elementor-inner-column elementor-element elementor-element-6ac01af\" data-id=\"6ac01af\" data-element_type=\"column\">\n\t\t\t<div class=\"elementor-widget-wrap elementor-element-populated\">\n\t\t\t\t\t\t<div class=\"elementor-element elementor-element-37472fe elementor-widget elementor-widget-image\" data-id=\"37472fe\" data-element_type=\"widget\" data-widget_type=\"image.default\">\n\t\t\t\t<div class=\"elementor-widget-container\">\n\t\t\t\t\t\t\t\t\t\t\t\t\t\t\t<img decoding=\"async\" width=\"600\" height=\"200\" src=\"https:\/\/sp1niepolomice.pl\/wp-content\/uploads\/2021\/09\/ucznowski-sekretatioot.gif\" class=\"attachment-large size-large wp-image-1172\" alt=\"\" \/>\t\t\t\t\t\t\t\t\t\t\t\t\t\t\t<\/div>\n\t\t\t\t<\/div>\n\t\t\t\t<div class=\"elementor-element elementor-element-c6c58ac elementor-widget elementor-widget-text-editor\" data-id=\"c6c58ac\" data-element_type=\"widget\" data-widget_type=\"text-editor.default\">\n\t\t\t\t<div class=\"elementor-widget-container\">\n\t\t\t\t\t\t\t\t\t<p><strong><span style=\"color: #000080;\">PONIEDZIA\u0141EK\u00a0\u00a0\u00a0\u00a0 6.45\u2013 14.45<\/span><\/strong><\/p><p><strong><span style=\"color: #000080;\">WTOREK\u00a0\u00a0\u00a0\u00a0\u00a0\u00a0\u00a0\u00a0\u00a0\u00a0\u00a0\u00a0\u00a0\u00a0 dzie\u0144 wewn\u0119trzny<\/span><\/strong><\/p><p><strong><span style=\"color: #000080;\">\u015aRODA\u00a0\u00a0\u00a0\u00a0\u00a0\u00a0\u00a0\u00a0\u00a0\u00a0\u00a0\u00a0\u00a0\u00a0\u00a0\u00a0\u00a0\u00a0 6.45\u2013 14.45<br \/><\/span><\/strong><\/p><p><strong><span style=\"color: #000080;\">CZWARTEK\u00a0\u00a0\u00a0\u00a0\u00a0\u00a0\u00a0\u00a0\u00a0\u00a0\u00a0 6.45\u2013 14.45<br \/><\/span><\/strong><\/p><p><strong><span style=\"color: #000080;\">PI\u0104TEK\u00a0\u00a0\u00a0\u00a0\u00a0\u00a0\u00a0\u00a0\u00a0\u00a0\u00a0\u00a0\u00a0\u00a0\u00a0\u00a0\u00a0\u00a0 6.45\u2013 14.45<br \/><\/span><\/strong><\/p>\t\t\t\t\t\t\t\t<\/div>\n\t\t\t\t<\/div>\n\t\t\t\t\t<\/div>\n\t\t<\/div>\n\t\t\t\t\t<\/div>\n\t\t<\/section>\n\t\t\t\t\t<\/div>\n\t\t<\/div>\n\t\t\t\t\t<\/div>\n\t\t<\/section>\n\t\t\t\t<\/div>\n\t\t","protected":false},"excerpt":{"rendered":"<p>Szko\u0142a Podstawowa nr 1\u00a0 im. Tadeusza Ko\u015bciuszki\u00a0 w Niepo\u0142omicach \u00a0 32-005 Niepo\u0142omice, ul. Szkolna 3 sekretariat tel\/fax:\u00a012 2811-154 sekretariat@sp1niepolomice.pl telefon<\/p>\n","protected":false},"author":1,"featured_media":0,"parent":0,"menu_order":0,"comment_status":"closed","ping_status":"closed","template":"","meta":{"colormag_page_container_layout":"default_layout","colormag_page_sidebar_layout":"default_layout","footnotes":""},"class_list":["post-126","page","type-page","status-publish","hentry"],"_links":{"self":[{"href":"https:\/\/sp1niepolomice.pl\/index.php?rest_route=\/wp\/v2\/pages\/126","targetHints":{"allow":["GET"]}}],"collection":[{"href":"https:\/\/sp1niepolomice.pl\/index.php?rest_route=\/wp\/v2\/pages"}],"about":[{"href":"https:\/\/sp1niepolomice.pl\/index.php?rest_route=\/wp\/v2\/types\/page"}],"author":[{"embeddable":true,"href":"https:\/\/sp1niepolomice.pl\/index.php?rest_route=\/wp\/v2\/users\/1"}],"replies":[{"embeddable":true,"href":"https:\/\/sp1niepolomice.pl\/index.php?rest_route=%2Fwp%2Fv2%2Fcomments&post=126"}],"version-history":[{"count":34,"href":"https:\/\/sp1niepolomice.pl\/index.php?rest_route=\/wp\/v2\/pages\/126\/revisions"}],"predecessor-version":[{"id":7145,"href":"https:\/\/sp1niepolomice.pl\/index.php?rest_route=\/wp\/v2\/pages\/126\/revisions\/7145"}],"wp:attachment":[{"href":"https:\/\/sp1niepolomice.pl\/index.php?rest_route=%2Fwp%2Fv2%2Fmedia&parent=126"}],"curies":[{"name":"wp","href":"https:\/\/api.w.org\/{rel}","templated":true}]}}