{"id":1084,"date":"2021-09-02T22:34:26","date_gmt":"2021-09-02T20:34:26","guid":{"rendered":"https:\/\/sp1niepolomice.pl\/?page_id=1084"},"modified":"2023-10-19T21:43:41","modified_gmt":"2023-10-19T19:43:41","slug":"jezyki-obce","status":"publish","type":"page","link":"https:\/\/sp1niepolomice.pl\/?page_id=1084","title":{"rendered":"J\u0118ZYKI OBCE"},"content":{"rendered":"\t\t<div data-elementor-type=\"wp-page\" data-elementor-id=\"1084\" class=\"elementor elementor-1084\" data-elementor-settings=\"{&quot;ha_cmc_init_switcher&quot;:&quot;no&quot;}\">\n\t\t\t\t\t\t<section class=\"elementor-section elementor-top-section elementor-element elementor-element-8da9b33 elementor-section-boxed elementor-section-height-default elementor-section-height-default\" data-id=\"8da9b33\" data-element_type=\"section\" data-settings=\"{&quot;_ha_eqh_enable&quot;:false}\">\n\t\t\t\t\t\t<div class=\"elementor-container elementor-column-gap-default\">\n\t\t\t\t\t<div class=\"elementor-column elementor-col-100 elementor-top-column elementor-element elementor-element-1711146\" data-id=\"1711146\" data-element_type=\"column\">\n\t\t\t<div class=\"elementor-widget-wrap elementor-element-populated\">\n\t\t\t\t\t\t<div class=\"elementor-element elementor-element-20bfafe elementor-widget elementor-widget-image\" data-id=\"20bfafe\" data-element_type=\"widget\" data-widget_type=\"image.default\">\n\t\t\t\t<div class=\"elementor-widget-container\">\n\t\t\t\t\t\t\t\t\t\t\t\t\t\t\t<img fetchpriority=\"high\" decoding=\"async\" width=\"614\" height=\"317\" src=\"https:\/\/sp1niepolomice.pl\/wp-content\/uploads\/2023\/08\/namaskara_5_element.png\" class=\"attachment-large size-large wp-image-7103\" alt=\"\" srcset=\"https:\/\/sp1niepolomice.pl\/wp-content\/uploads\/2023\/08\/namaskara_5_element.png 614w, https:\/\/sp1niepolomice.pl\/wp-content\/uploads\/2023\/08\/namaskara_5_element-300x155.png 300w\" sizes=\"(max-width: 614px) 100vw, 614px\" \/>\t\t\t\t\t\t\t\t\t\t\t\t\t\t\t<\/div>\n\t\t\t\t<\/div>\n\t\t\t\t<div class=\"elementor-element elementor-element-1da5023 elementor-widget elementor-widget-text-editor\" data-id=\"1da5023\" data-element_type=\"widget\" data-widget_type=\"text-editor.default\">\n\t\t\t\t<div class=\"elementor-widget-container\">\n\t\t\t\t\t\t\t\t\t<h2 style=\"text-align: center;\"><strong><span style=\"color: #008080;\">J\u0118ZYKI OBCE<\/span><\/strong><\/h2><h4 style=\"text-align: center;\"><span style=\"color: #079191;\"><strong>W\u00f3jcik Dominika<\/strong>&#8211; j\u0119zyk angielski, wychowawca klasy 4a<\/span><\/h4><h4 style=\"text-align: center;\"><span style=\"color: #079191;\"><strong>Drzewiczuk Dorota<\/strong>&#8211; j\u0119zyk angielski,wychowawca klasy 5a<\/span><\/h4><h4 style=\"text-align: center;\"><span style=\"color: #079191;\"><strong>G\u0142ogowska Katarzyna<\/strong>&#8211; j\u0119zyk angielski,wychowawca klasy 5b<\/span><\/h4><h4 style=\"text-align: center;\"><span style=\"color: #079191;\"><strong>Mazurkiewicz Anna<\/strong> &#8211; j\u0119zyk angielski<\/span><\/h4><h4 style=\"text-align: center;\"><strong><span style=\"color: #008080;\">\u015awierk Katarzyna &#8211; j\u0119zyk angielski <\/span><\/strong><\/h4><h4 style=\"text-align: center;\"><span style=\"color: #079191;\"><strong>Bukowiec Helena<\/strong>&#8211; j\u0119zyk niemiecki<\/span><\/h4>\t\t\t\t\t\t\t\t<\/div>\n\t\t\t\t<\/div>\n\t\t\t\t\t<\/div>\n\t\t<\/div>\n\t\t\t\t\t<\/div>\n\t\t<\/section>\n\t\t\t\t<\/div>\n\t\t","protected":false},"excerpt":{"rendered":"<p>J\u0118ZYKI OBCE W\u00f3jcik Dominika&#8211; j\u0119zyk angielski, wychowawca klasy 4a Drzewiczuk Dorota&#8211; j\u0119zyk angielski,wychowawca klasy 5a G\u0142ogowska Katarzyna&#8211; j\u0119zyk angielski,wychowawca klasy<\/p>\n","protected":false},"author":1,"featured_media":0,"parent":0,"menu_order":0,"comment_status":"closed","ping_status":"closed","template":"","meta":{"colormag_page_container_layout":"default_layout","colormag_page_sidebar_layout":"default_layout","footnotes":""},"class_list":["post-1084","page","type-page","status-publish","hentry"],"_links":{"self":[{"href":"https:\/\/sp1niepolomice.pl\/index.php?rest_route=\/wp\/v2\/pages\/1084","targetHints":{"allow":["GET"]}}],"collection":[{"href":"https:\/\/sp1niepolomice.pl\/index.php?rest_route=\/wp\/v2\/pages"}],"about":[{"href":"https:\/\/sp1niepolomice.pl\/index.php?rest_route=\/wp\/v2\/types\/page"}],"author":[{"embeddable":true,"href":"https:\/\/sp1niepolomice.pl\/index.php?rest_route=\/wp\/v2\/users\/1"}],"replies":[{"embeddable":true,"href":"https:\/\/sp1niepolomice.pl\/index.php?rest_route=%2Fwp%2Fv2%2Fcomments&post=1084"}],"version-history":[{"count":26,"href":"https:\/\/sp1niepolomice.pl\/index.php?rest_route=\/wp\/v2\/pages\/1084\/revisions"}],"predecessor-version":[{"id":7988,"href":"https:\/\/sp1niepolomice.pl\/index.php?rest_route=\/wp\/v2\/pages\/1084\/revisions\/7988"}],"wp:attachment":[{"href":"https:\/\/sp1niepolomice.pl\/index.php?rest_route=%2Fwp%2Fv2%2Fmedia&parent=1084"}],"curies":[{"name":"wp","href":"https:\/\/api.w.org\/{rel}","templated":true}]}}